{"id":2757,"date":"2026-04-09T14:18:51","date_gmt":"2026-04-09T12:18:51","guid":{"rendered":"https:\/\/www.evamatic.at\/product\/kennzeichenhalter-pkw-oesterreich-525csb-chrom-klapprahmen-2\/"},"modified":"2026-04-17T11:47:01","modified_gmt":"2026-04-17T09:47:01","slug":"drziak-spz-auto-rakusko-525csb-chromovany-skladaci-ram-2","status":"publish","type":"product","link":"https:\/\/www.evamatic.at\/sk\/product\/kennzeichenhalter-pkw-oesterreich-525csb-chrom-klapprahmen-2\/","title":{"rendered":"Kennzeichenhalter PKW \u00d6sterreich 525CSB CHROM &#8211; Klapprahmen"},"content":{"rendered":"<p><span style=\"color: #000000;\"><strong>Kennzeichenhalter \u00d6sterreich Type 525CSB mit Klapprahmen verchromt passend f\u00fcr Kennzeichengr\u00f6\u00dfe 520&#215;120 mm.<\/strong><\/span><\/p>\n<p><span style=\"color: #000000;\">Der Evamatic Kennzeichenhalter 525CSB kombiniert premium Optik und hohe Funktionalit\u00e4t \u2013 ideal f\u00fcr alle, die Wert auf eine edel wirkende Fahrzeugpr\u00e4senz legen. Der Halter ist speziell f\u00fcr \u00f6sterreichische Kennzeichen (520 \u00d7 120 mm) konzipiert und erleichtert durch sein durchdachtes Design das sichere Einlegen und Befestigen der Tafel.<\/span><\/p>\n<p><span style=\"color: #000000;\">Die hochwertige Chrom-Oberfl\u00e4che verleiht dem Kennzeichenhalter ein edles Finish, das besonders bei modernen Fahrzeugen und exklusiven Modellen zur Geltung kommt. Gleichzeitig sorgt der stabile Halter aus robustem, nahezu bruchfestem Material daf\u00fcr, dass das Kennzeichen sicher und vibrationsfrei am Fahrzeug sitzt \u2013 ohne Klapperger\u00e4usche.<\/span><\/p>\n<p><span style=\"color: #000000;\">Der Kennzeichenhalter 525CSB eignet sich f\u00fcr PKW und LKW und f\u00fcgt sich harmonisch in jede Fahrzeugoptik ein \u2013 dezent und zugleich hochwertig.<\/span><br \/>\n<span style=\"color: #000000;\">Dieser Halter ist <strong>T\u00dcV-gebrauchswertgepr\u00fcft<\/strong>, entspricht <strong>allen relevanten EU-Normen und erf\u00fcllt die aktuellen gesetzlichen Vorschriften.<\/strong> Slnko <strong>abgerundeten Au\u00dfenkanten mit einem Mindestradius von 2,5 mm gew\u00e4hrleisten maximale Sicherheit und Stra\u00dfenzulassung.<\/strong><\/span><\/p>\n<p><span style=\"color: #000000;\">Dank der individuellen Druckoptionen mit Ihrem Logo oder Werbetext wird der Kennzeichenhalter zum dezenten, aber wirkungsvollen Werbetr\u00e4ger \u2013 ideal f\u00fcr Autoh\u00e4user, Werkst\u00e4tten, Fuhrparks, Versicherungsb\u00fcros oder Vereine. Alternativ \u00fcberzeugt er auch ohne Druck durch seine schlichte, hochwertige Optik und f\u00fcgt sich harmonisch in jedes Fahrzeugdesign ein.<\/span><\/p>\n<p>&nbsp;<\/p>\n<p><span style=\"color: #000000;\"><strong>Produktdetails:<\/strong><\/span><\/p>\n<ul>\n<li><span style=\"color: #000000;\">Kennzeichenhalter 525CSB CHROM &#8211; f\u00fcr \u00d6sterreichische Kennzeichen L 520x H 120 mm<\/span><\/li>\n<li><span style=\"color: #000000;\">Verschluss: Klapprahmen<\/span><\/li>\n<li><span style=\"color: #000000;\">Farbe: schwarz\/chrom<\/span><\/li>\n<li><span style=\"color: #000000;\">Material: Polypropylen\/ABS<\/span><\/li>\n<li><span style=\"color: #000000;\">Druckvarianten: unbedruckt, 4c Digitaldruck mit Kunstharzbeschichtung<\/span><\/li>\n<\/ul>","protected":false},"excerpt":{"rendered":"<p>Kennzeichenhalter \u00d6sterreich Type 525CSB mit Klapprahmen verchromt passend f\u00fcr Kennzeichengr\u00f6\u00dfe 520&#215;120 mm. Der Evamatic Kennzeichenhalter 525CSB kombiniert premium Optik und hohe Funktionalit\u00e4t \u2013 ideal f\u00fcr alle, die Wert auf eine edel wirkende Fahrzeugpr\u00e4senz legen. Der Halter ist speziell f\u00fcr \u00f6sterreichische Kennzeichen (520 \u00d7 120 mm) konzipiert und erleichtert durch sein durchdachtes Design das sichere Einlegen [&hellip;]<\/p>\n","protected":false},"featured_media":2089,"template":"","meta":{"_acf_changed":false},"product_brand":[],"product_cat":[61],"product_tag":[],"class_list":{"0":"post-2757","1":"product","2":"type-product","3":"status-publish","4":"has-post-thumbnail","6":"product_cat-pkw-kennzeichenhalter-oesterreich","7":"pa_druckvariante-4c-druck-mit-kunstharzbeschichtung-silber-hochglanz","8":"pa_druckvariante-unbedruckt","9":"pa_menge-113","10":"pa_menge-93","11":"pa_menge-124","12":"pa_menge-94","13":"pa_menge-123","14":"pa_menge-121","16":"first","17":"instock","18":"taxable","19":"shipping-taxable","20":"purchasable","21":"product-type-variable"},"exclude_global_add_ons":false,"addons":[{"name":"Druckdatei Upload","type":"file_upload","position":0,"required":false,"title_format":"label","default":"","description_enable":false,"description":"Bitte laden Sie hier die Druckdatei (Bild) hoch.","placeholder_enable":false,"placeholder":"","display":"select","restrictions_type":"any_text","adjust_price":false,"price":"","price_type":"flat_fee","restrictions":false,"min":"0","max":"0","options":[],"id":1776081863},{"name":"\u00a0","type":"checkbox","position":1,"required":false,"title_format":"label","default":"","description_enable":false,"description":"","placeholder_enable":false,"placeholder":"","display":"select","restrictions_type":"any_text","adjust_price":false,"price":"","price_type":"flat_fee","restrictions":false,"min":"0","max":"0","options":[{"label":"Druckdaten durch Evamatic \u00fcberpr\u00fcfen lassen","price":"35","price_type":"flat_fee","image":0,"visibility":true}],"id":1775653837}],"acf":[],"_links":{"self":[{"href":"https:\/\/www.evamatic.at\/sk\/wp-json\/wp\/v2\/product\/2757","targetHints":{"allow":["GET"]}}],"collection":[{"href":"https:\/\/www.evamatic.at\/sk\/wp-json\/wp\/v2\/product"}],"about":[{"href":"https:\/\/www.evamatic.at\/sk\/wp-json\/wp\/v2\/types\/product"}],"wp:featuredmedia":[{"embeddable":true,"href":"https:\/\/www.evamatic.at\/sk\/wp-json\/wp\/v2\/media\/2089"}],"wp:attachment":[{"href":"https:\/\/www.evamatic.at\/sk\/wp-json\/wp\/v2\/media?parent=2757"}],"wp:term":[{"taxonomy":"product_brand","embeddable":true,"href":"https:\/\/www.evamatic.at\/sk\/wp-json\/wp\/v2\/product_brand?post=2757"},{"taxonomy":"product_cat","embeddable":true,"href":"https:\/\/www.evamatic.at\/sk\/wp-json\/wp\/v2\/product_cat?post=2757"},{"taxonomy":"product_tag","embeddable":true,"href":"https:\/\/www.evamatic.at\/sk\/wp-json\/wp\/v2\/product_tag?post=2757"}],"curies":[{"name":"wp","href":"https:\/\/api.w.org\/{rel}","templated":true}]}}