{"id":3125,"date":"2026-04-09T14:19:07","date_gmt":"2026-04-09T12:19:07","guid":{"rendered":"https:\/\/www.evamatic.at\/product\/decotafel-miniletter-kennzeicheneinleger-uv-digitaldruck-fuer-motorrad-kennzeichenhalter-oesterreich-2\/"},"modified":"2026-04-16T11:15:10","modified_gmt":"2026-04-16T09:15:10","slug":"dekortabla-miniletter-tablabetet-uv-digitalis-nyomtatassal-motorkerekpar-rendszamtartohoz-ausztria-2","status":"publish","type":"product","link":"https:\/\/www.evamatic.at\/hu\/product\/decotafel-miniletter-kennzeicheneinleger-uv-digitaldruck-fuer-motorrad-kennzeichenhalter-oesterreich-2\/","title":{"rendered":"Dekor t\u00e1bla \/ Miniletter \/ Rendsz\u00e1mbet\u00e9t UV digit\u00e1lis nyomtat\u00e1ssal motorker\u00e9kp\u00e1r rendsz\u00e1mtart\u00f3hoz Ausztri\u00e1ban"},"content":{"rendered":"<p>Miniletter Decoschilder sind die ideale L\u00f6sung f\u00fcr individuelle Werbeeinleger in Kennzeichenhaltern. Sie erm\u00f6glichen eine dezente, aber wirkungsvolle Pr\u00e4sentation von Logos, Slogans oder Firmennamen direkt am Fahrzeug und sorgen so f\u00fcr Ihren Werbeauftritt am Autoplatz oder im Autohaus.<br \/>\nDie Einleger sind passgenau gefertigt und lassen sich einfach in handels\u00fcbliche Kennzeichenhalter einsetzen. Dank hochwertiger Materialien \u00fcberzeugen sie durch langlebige Druckqualit\u00e4t und eine professionelle Optik, sowohl im Innen- als auch im Au\u00dfenbereich.<\/p>\n<p><strong>El\u0151ny\u00f6k:<\/strong><\/p>\n<ul>\n<li>Ideal als Werbeeinleger f\u00fcr Kennzeichenhalter<\/li>\n<li>Dezente, aber wirkungsvolle Fahrzeugwerbung<\/li>\n<li>Hochwertige Verarbeitung und klare Lesbarkeit<\/li>\n<li>Passgenau f\u00fcr g\u00e4ngige Kennzeichenhalter<\/li>\n<li>Wetter- und UV-best\u00e4ndig<\/li>\n<\/ul>\n<p><strong>Einsatzbereiche:<\/strong><\/p>\n<ul>\n<li>Autoh\u00e4user und Werkst\u00e4tten<\/li>\n<li>Werbe- und Promotionzwecke<\/li>\n<li>Eventfahrzeuge<\/li>\n<\/ul>","protected":false},"excerpt":{"rendered":"<p>Miniletter Decoschilder sind die ideale L\u00f6sung f\u00fcr individuelle Werbeeinleger in Kennzeichenhaltern. Sie erm\u00f6glichen eine dezente, aber wirkungsvolle Pr\u00e4sentation von Logos, Slogans oder Firmennamen direkt am Fahrzeug und sorgen so f\u00fcr Ihren Werbeauftritt am Autoplatz oder im Autohaus. Die Einleger sind passgenau gefertigt und lassen sich einfach in handels\u00fcbliche Kennzeichenhalter einsetzen. Dank hochwertiger Materialien \u00fcberzeugen sie [&hellip;]<\/p>\n","protected":false},"featured_media":2135,"template":"","meta":{"_acf_changed":false},"product_brand":[],"product_cat":[65],"product_tag":[],"class_list":{"0":"post-3125","1":"product","2":"type-product","3":"status-publish","4":"has-post-thumbnail","6":"product_cat-motorrad-kennzeichenhalter-oesterreich","7":"pa_druckvariante-4c-uv-direktdruck","8":"pa_menge-96","9":"pa_menge-116","10":"pa_menge-118","11":"pa_menge-95","12":"pa_menge-120","14":"first","15":"instock","16":"taxable","17":"shipping-taxable","18":"purchasable","19":"product-type-variable"},"exclude_global_add_ons":false,"addons":[{"name":"Druckdatei Upload","type":"file_upload","position":0,"required":false,"title_format":"label","default":"","description_enable":false,"description":"Bitte laden Sie hier die Druckdatei (Bild) hoch.","placeholder_enable":false,"placeholder":"","display":"select","restrictions_type":"any_text","adjust_price":false,"price":"","price_type":"flat_fee","restrictions":false,"min":"0","max":"0","options":[],"id":1776081863},{"name":"\u00a0","type":"checkbox","position":1,"required":false,"title_format":"label","default":"","description_enable":false,"description":"","placeholder_enable":false,"placeholder":"","display":"select","restrictions_type":"any_text","adjust_price":false,"price":"","price_type":"flat_fee","restrictions":false,"min":"0","max":"0","options":[{"label":"Druckdaten durch Evamatic \u00fcberpr\u00fcfen lassen","price":"35","price_type":"flat_fee","image":0,"visibility":true}],"id":1775653837}],"acf":[],"_links":{"self":[{"href":"https:\/\/www.evamatic.at\/hu\/wp-json\/wp\/v2\/product\/3125","targetHints":{"allow":["GET"]}}],"collection":[{"href":"https:\/\/www.evamatic.at\/hu\/wp-json\/wp\/v2\/product"}],"about":[{"href":"https:\/\/www.evamatic.at\/hu\/wp-json\/wp\/v2\/types\/product"}],"wp:featuredmedia":[{"embeddable":true,"href":"https:\/\/www.evamatic.at\/hu\/wp-json\/wp\/v2\/media\/2135"}],"wp:attachment":[{"href":"https:\/\/www.evamatic.at\/hu\/wp-json\/wp\/v2\/media?parent=3125"}],"wp:term":[{"taxonomy":"product_brand","embeddable":true,"href":"https:\/\/www.evamatic.at\/hu\/wp-json\/wp\/v2\/product_brand?post=3125"},{"taxonomy":"product_cat","embeddable":true,"href":"https:\/\/www.evamatic.at\/hu\/wp-json\/wp\/v2\/product_cat?post=3125"},{"taxonomy":"product_tag","embeddable":true,"href":"https:\/\/www.evamatic.at\/hu\/wp-json\/wp\/v2\/product_tag?post=3125"}],"curies":[{"name":"wp","href":"https:\/\/api.w.org\/{rel}","templated":true}]}}